{"id":140,"date":"2022-10-10T11:18:49","date_gmt":"2022-10-10T11:18:49","guid":{"rendered":"http:\/\/localhost\/?page_id=140"},"modified":"2024-12-27T10:43:34","modified_gmt":"2024-12-27T10:43:34","slug":"nt-base-4-0-2","status":"publish","type":"page","link":"https:\/\/www.corent-ag.de\/en\/nt-base-4-0-2\/","title":{"rendered":"NT BASE 4.0"},"content":{"rendered":"","protected":false},"excerpt":{"rendered":"","protected":false},"author":4,"featured_media":0,"parent":0,"menu_order":0,"comment_status":"closed","ping_status":"closed","template":"","meta":{"footnotes":""},"class_list":["post-140","page","type-page","status-publish","hentry"],"acf":[],"yoast_head":"<!-- This site is optimized with the Yoast SEO plugin v26.6 - https:\/\/yoast.com\/wordpress\/plugins\/seo\/ -->\n<title>corent | NT BASE 4.0 - Umweltfreundliche Bodenverbesserung<\/title>\n<meta name=\"description\" content=\"NT BASE\u00ae 4.0 - Die umweltfreundliche L\u00f6sung f\u00fcr Bodenverbesserung und Stra\u00dfenbau. Die Lebensdauer des Bauwerkes erh\u00f6hen und Bauzeit verk\u00fcrzen\" \/>\n<meta name=\"robots\" content=\"index, follow, max-snippet:-1, max-image-preview:large, max-video-preview:-1\" \/>\n<link rel=\"canonical\" href=\"https:\/\/www.corent-ag.de\/en\/nt-base-4-0-2\/\" \/>\n<meta property=\"og:locale\" content=\"en_GB\" \/>\n<meta property=\"og:type\" content=\"article\" \/>\n<meta property=\"og:title\" content=\"corent | NT BASE 4.0 - Umweltfreundliche Bodenverbesserung\" \/>\n<meta property=\"og:description\" content=\"NT BASE\u00ae 4.0 - Die umweltfreundliche L\u00f6sung f\u00fcr Bodenverbesserung und Stra\u00dfenbau. Die Lebensdauer des Bauwerkes erh\u00f6hen und Bauzeit verk\u00fcrzen\" \/>\n<meta property=\"og:url\" content=\"https:\/\/www.corent-ag.de\/en\/nt-base-4-0-2\/\" \/>\n<meta property=\"og:site_name\" content=\"Corent Project\" \/>\n<meta property=\"article:modified_time\" content=\"2024-12-27T10:43:34+00:00\" \/>\n<meta name=\"twitter:card\" content=\"summary_large_image\" \/>\n<script type=\"application\/ld+json\" class=\"yoast-schema-graph\">{\"@context\":\"https:\/\/schema.org\",\"@graph\":[{\"@type\":\"WebPage\",\"@id\":\"https:\/\/www.corent-ag.de\/nt-base-4-0-2\/\",\"url\":\"https:\/\/www.corent-ag.de\/nt-base-4-0-2\/\",\"name\":\"corent | NT BASE 4.0 - Umweltfreundliche Bodenverbesserung\",\"isPartOf\":{\"@id\":\"https:\/\/www.corent-ag.de\/#website\"},\"datePublished\":\"2022-10-10T11:18:49+00:00\",\"dateModified\":\"2024-12-27T10:43:34+00:00\",\"description\":\"NT BASE\u00ae 4.0 - Die umweltfreundliche L\u00f6sung f\u00fcr Bodenverbesserung und Stra\u00dfenbau. Die Lebensdauer des Bauwerkes erh\u00f6hen und Bauzeit verk\u00fcrzen\",\"breadcrumb\":{\"@id\":\"https:\/\/www.corent-ag.de\/nt-base-4-0-2\/#breadcrumb\"},\"inLanguage\":\"en-GB\",\"potentialAction\":[{\"@type\":\"ReadAction\",\"target\":[\"https:\/\/www.corent-ag.de\/nt-base-4-0-2\/\"]}]},{\"@type\":\"BreadcrumbList\",\"@id\":\"https:\/\/www.corent-ag.de\/nt-base-4-0-2\/#breadcrumb\",\"itemListElement\":[{\"@type\":\"ListItem\",\"position\":1,\"name\":\"Startseite\",\"item\":\"https:\/\/www.corent-ag.de\/\"},{\"@type\":\"ListItem\",\"position\":2,\"name\":\"NT BASE 4.0\"}]},{\"@type\":\"WebSite\",\"@id\":\"https:\/\/www.corent-ag.de\/#website\",\"url\":\"https:\/\/www.corent-ag.de\/\",\"name\":\"Corent AG - Innovative Additive f\u00fcr den \u00f6kologischen Verkehrswegebau\",\"description\":\"\",\"publisher\":{\"@id\":\"https:\/\/www.corent-ag.de\/#organization\"},\"alternateName\":\"Corent AG - \u00f6kologischer Verkehrswegebau, innovative Additive\",\"potentialAction\":[{\"@type\":\"SearchAction\",\"target\":{\"@type\":\"EntryPoint\",\"urlTemplate\":\"https:\/\/www.corent-ag.de\/?s={search_term_string}\"},\"query-input\":{\"@type\":\"PropertyValueSpecification\",\"valueRequired\":true,\"valueName\":\"search_term_string\"}}],\"inLanguage\":\"en-GB\"},{\"@type\":\"Organization\",\"@id\":\"https:\/\/www.corent-ag.de\/#organization\",\"name\":\"Corent AG\",\"alternateName\":\"Corent\",\"url\":\"https:\/\/www.corent-ag.de\/\",\"logo\":{\"@type\":\"ImageObject\",\"inLanguage\":\"en-GB\",\"@id\":\"https:\/\/www.corent-ag.de\/#\/schema\/logo\/image\/\",\"url\":\"https:\/\/www.corent-ag.de\/wp-content\/uploads\/2022\/07\/Logo-5.svg\",\"contentUrl\":\"https:\/\/www.corent-ag.de\/wp-content\/uploads\/2022\/07\/Logo-5.svg\",\"width\":1,\"height\":1,\"caption\":\"Corent AG\"},\"image\":{\"@id\":\"https:\/\/www.corent-ag.de\/#\/schema\/logo\/image\/\"}}]}<\/script>\n<!-- \/ Yoast SEO plugin. -->","yoast_head_json":{"title":"corent | NT BASE 4.0 - Umweltfreundliche Bodenverbesserung","description":"NT BASE\u00ae 4.0 - Die umweltfreundliche L\u00f6sung f\u00fcr Bodenverbesserung und Stra\u00dfenbau. Die Lebensdauer des Bauwerkes erh\u00f6hen und Bauzeit verk\u00fcrzen","robots":{"index":"index","follow":"follow","max-snippet":"max-snippet:-1","max-image-preview":"max-image-preview:large","max-video-preview":"max-video-preview:-1"},"canonical":"https:\/\/www.corent-ag.de\/en\/nt-base-4-0-2\/","og_locale":"en_GB","og_type":"article","og_title":"corent | NT BASE 4.0 - Umweltfreundliche Bodenverbesserung","og_description":"NT BASE\u00ae 4.0 - Die umweltfreundliche L\u00f6sung f\u00fcr Bodenverbesserung und Stra\u00dfenbau. Die Lebensdauer des Bauwerkes erh\u00f6hen und Bauzeit verk\u00fcrzen","og_url":"https:\/\/www.corent-ag.de\/en\/nt-base-4-0-2\/","og_site_name":"Corent Project","article_modified_time":"2024-12-27T10:43:34+00:00","twitter_card":"summary_large_image","schema":{"@context":"https:\/\/schema.org","@graph":[{"@type":"WebPage","@id":"https:\/\/www.corent-ag.de\/nt-base-4-0-2\/","url":"https:\/\/www.corent-ag.de\/nt-base-4-0-2\/","name":"corent | NT BASE 4.0 - Umweltfreundliche Bodenverbesserung","isPartOf":{"@id":"https:\/\/www.corent-ag.de\/#website"},"datePublished":"2022-10-10T11:18:49+00:00","dateModified":"2024-12-27T10:43:34+00:00","description":"NT BASE\u00ae 4.0 - Die umweltfreundliche L\u00f6sung f\u00fcr Bodenverbesserung und Stra\u00dfenbau. Die Lebensdauer des Bauwerkes erh\u00f6hen und Bauzeit verk\u00fcrzen","breadcrumb":{"@id":"https:\/\/www.corent-ag.de\/nt-base-4-0-2\/#breadcrumb"},"inLanguage":"en-GB","potentialAction":[{"@type":"ReadAction","target":["https:\/\/www.corent-ag.de\/nt-base-4-0-2\/"]}]},{"@type":"BreadcrumbList","@id":"https:\/\/www.corent-ag.de\/nt-base-4-0-2\/#breadcrumb","itemListElement":[{"@type":"ListItem","position":1,"name":"Startseite","item":"https:\/\/www.corent-ag.de\/"},{"@type":"ListItem","position":2,"name":"NT BASE 4.0"}]},{"@type":"WebSite","@id":"https:\/\/www.corent-ag.de\/#website","url":"https:\/\/www.corent-ag.de\/","name":"Corent AG - Innovative Additive f\u00fcr den \u00f6kologischen Verkehrswegebau","description":"","publisher":{"@id":"https:\/\/www.corent-ag.de\/#organization"},"alternateName":"Corent AG - \u00f6kologischer Verkehrswegebau, innovative Additive","potentialAction":[{"@type":"SearchAction","target":{"@type":"EntryPoint","urlTemplate":"https:\/\/www.corent-ag.de\/?s={search_term_string}"},"query-input":{"@type":"PropertyValueSpecification","valueRequired":true,"valueName":"search_term_string"}}],"inLanguage":"en-GB"},{"@type":"Organization","@id":"https:\/\/www.corent-ag.de\/#organization","name":"Corent AG","alternateName":"Corent","url":"https:\/\/www.corent-ag.de\/","logo":{"@type":"ImageObject","inLanguage":"en-GB","@id":"https:\/\/www.corent-ag.de\/#\/schema\/logo\/image\/","url":"https:\/\/www.corent-ag.de\/wp-content\/uploads\/2022\/07\/Logo-5.svg","contentUrl":"https:\/\/www.corent-ag.de\/wp-content\/uploads\/2022\/07\/Logo-5.svg","width":1,"height":1,"caption":"Corent AG"},"image":{"@id":"https:\/\/www.corent-ag.de\/#\/schema\/logo\/image\/"}}]}},"_links":{"self":[{"href":"https:\/\/www.corent-ag.de\/en\/wp-json\/wp\/v2\/pages\/140","targetHints":{"allow":["GET"]}}],"collection":[{"href":"https:\/\/www.corent-ag.de\/en\/wp-json\/wp\/v2\/pages"}],"about":[{"href":"https:\/\/www.corent-ag.de\/en\/wp-json\/wp\/v2\/types\/page"}],"author":[{"embeddable":true,"href":"https:\/\/www.corent-ag.de\/en\/wp-json\/wp\/v2\/users\/4"}],"replies":[{"embeddable":true,"href":"https:\/\/www.corent-ag.de\/en\/wp-json\/wp\/v2\/comments?post=140"}],"version-history":[{"count":35,"href":"https:\/\/www.corent-ag.de\/en\/wp-json\/wp\/v2\/pages\/140\/revisions"}],"predecessor-version":[{"id":767,"href":"https:\/\/www.corent-ag.de\/en\/wp-json\/wp\/v2\/pages\/140\/revisions\/767"}],"wp:attachment":[{"href":"https:\/\/www.corent-ag.de\/en\/wp-json\/wp\/v2\/media?parent=140"}],"curies":[{"name":"wp","href":"https:\/\/api.w.org\/{rel}","templated":true}]}}